{"id":1412,"date":"2022-03-02T09:19:21","date_gmt":"2022-03-02T09:19:21","guid":{"rendered":"https:\/\/lkua.lt\/?page_id=1412"},"modified":"2025-11-15T15:28:53","modified_gmt":"2025-11-15T15:28:53","slug":"home","status":"publish","type":"page","link":"https:\/\/lkua.lt\/en\/","title":{"rendered":"News"},"content":{"rendered":"<div data-elementor-type=\"wp-page\" data-elementor-id=\"1412\" class=\"elementor elementor-1412\">\n\t\t\t\t\t\t\t\t\t<section class=\"elementor-section elementor-top-section elementor-element elementor-element-37b3c9a elementor-section-boxed elementor-section-height-default elementor-section-height-default\" data-id=\"37b3c9a\" data-element_type=\"section\" data-settings=\"{&quot;background_background&quot;:&quot;classic&quot;}\">\n\t\t\t\t\t\t<div class=\"elementor-container elementor-column-gap-no\">\n\t\t\t\t\t<div class=\"elementor-column elementor-col-100 elementor-top-column elementor-element elementor-element-f66c417\" data-id=\"f66c417\" data-element_type=\"column\">\n\t\t\t<div class=\"elementor-widget-wrap elementor-element-populated\">\n\t\t\t\t\t\t\t\t<div class=\"elementor-element elementor-element-b8ae100 elementor-widget__width-initial elementor-widget elementor-widget-heading\" data-id=\"b8ae100\" data-element_type=\"widget\" data-widget_type=\"heading.default\">\n\t\t\t\t<div class=\"elementor-widget-container\">\n\t\t\t<style>\/*! elementor - v3.12.1 - 02-04-2023 *\/\n.elementor-heading-title{padding:0;margin:0;line-height:1}.elementor-widget-heading .elementor-heading-title[class*=elementor-size-]>a{color:inherit;font-size:inherit;line-height:inherit}.elementor-widget-heading .elementor-heading-title.elementor-size-small{font-size:15px}.elementor-widget-heading .elementor-heading-title.elementor-size-medium{font-size:19px}.elementor-widget-heading .elementor-heading-title.elementor-size-large{font-size:29px}.elementor-widget-heading .elementor-heading-title.elementor-size-xl{font-size:39px}.elementor-widget-heading .elementor-heading-title.elementor-size-xxl{font-size:59px}<\/style><h1 class=\"elementor-heading-title elementor-size-default\">Lithuanian catholic education association<\/h1>\t\t<\/div>\n\t\t\t\t<\/div>\n\t\t\t\t<div class=\"elementor-element elementor-element-1439bca elementor-widget elementor-widget-text-editor\" data-id=\"1439bca\" data-element_type=\"widget\" data-widget_type=\"text-editor.default\">\n\t\t\t\t<div class=\"elementor-widget-container\">\n\t\t\t<style>\/*! elementor - v3.12.1 - 02-04-2023 *\/\n.elementor-widget-text-editor.elementor-drop-cap-view-stacked .elementor-drop-cap{background-color:#69727d;color:#fff}.elementor-widget-text-editor.elementor-drop-cap-view-framed .elementor-drop-cap{color:#69727d;border:3px solid;background-color:transparent}.elementor-widget-text-editor:not(.elementor-drop-cap-view-default) .elementor-drop-cap{margin-top:8px}.elementor-widget-text-editor:not(.elementor-drop-cap-view-default) .elementor-drop-cap-letter{width:1em;height:1em}.elementor-widget-text-editor .elementor-drop-cap{float:left;text-align:center;line-height:1;font-size:50px}.elementor-widget-text-editor .elementor-drop-cap-letter{display:inline-block}<\/style>\t\t\t\t<p>The Lithuanian Catholic Education Association unites Catholic and Catholic educational institutions, communities and institutions operating in the territory of the Republic of Lithuania.\u00a0<\/p>\t\t\t\t\t\t<\/div>\n\t\t\t\t<\/div>\n\t\t\t\t<div class=\"elementor-element elementor-element-9d9671a elementor-view-stacked elementor-position-left elementor-vertical-align-middle elementor-mobile-position-left elementor-shape-circle elementor-widget elementor-widget-icon-box\" data-id=\"9d9671a\" data-element_type=\"widget\" data-widget_type=\"icon-box.default\">\n\t\t\t\t<div class=\"elementor-widget-container\">\n\t\t\t<link rel=\"stylesheet\" href=\"https:\/\/lkua.lt\/wp-content\/plugins\/elementor\/assets\/css\/widget-icon-box.min.css\">\t\t<div class=\"elementor-icon-box-wrapper\">\n\t\t\t\t\t\t<div class=\"elementor-icon-box-icon\">\n\t\t\t\t<span class=\"elementor-icon elementor-animation-\" >\n\t\t\t\t<i aria-hidden=\"true\" class=\"fas fa-phone\"><\/i>\t\t\t\t<\/span>\n\t\t\t<\/div>\n\t\t\t\t\t\t<div class=\"elementor-icon-box-content\">\n\t\t\t\t<h4 class=\"elementor-icon-box-title\">\n\t\t\t\t\t<span  >\n\t\t\t\t\t\t+370 (672) 30272\t\t\t\t\t<\/span>\n\t\t\t\t<\/h4>\n\t\t\t\t\t\t\t<\/div>\n\t\t<\/div>\n\t\t\t\t<\/div>\n\t\t\t\t<\/div>\n\t\t\t\t<div class=\"elementor-element elementor-element-0d00cde elementor-view-stacked elementor-position-left elementor-vertical-align-middle elementor-mobile-position-left elementor-shape-circle elementor-widget elementor-widget-icon-box\" data-id=\"0d00cde\" data-element_type=\"widget\" data-widget_type=\"icon-box.default\">\n\t\t\t\t<div class=\"elementor-widget-container\">\n\t\t\t\t\t<div class=\"elementor-icon-box-wrapper\">\n\t\t\t\t\t\t<div class=\"elementor-icon-box-icon\">\n\t\t\t\t<span class=\"elementor-icon elementor-animation-\" >\n\t\t\t\t<i aria-hidden=\"true\" class=\"fas fa-envelope\"><\/i>\t\t\t\t<\/span>\n\t\t\t<\/div>\n\t\t\t\t\t\t<div class=\"elementor-icon-box-content\">\n\t\t\t\t<h4 class=\"elementor-icon-box-title\">\n\t\t\t\t\t<span  >\n\t\t\t\t\t\tkasociacija@gmail.com\t\t\t\t\t<\/span>\n\t\t\t\t<\/h4>\n\t\t\t\t\t\t\t<\/div>\n\t\t<\/div>\n\t\t\t\t<\/div>\n\t\t\t\t<\/div>\n\t\t\t\t\t<\/div>\n\t\t<\/div>\n\t\t\t\t\t\t\t<\/div>\n\t\t<\/section>\n\t\t\t\t<section class=\"elementor-section elementor-top-section elementor-element elementor-element-d1c4baa elementor-section-boxed elementor-section-height-default elementor-section-height-default\" data-id=\"d1c4baa\" data-element_type=\"section\">\n\t\t\t\t\t\t<div class=\"elementor-container elementor-column-gap-default\">\n\t\t\t\t\t<div class=\"elementor-column elementor-col-100 elementor-top-column elementor-element elementor-element-56c9a92\" data-id=\"56c9a92\" data-element_type=\"column\">\n\t\t\t<div class=\"elementor-widget-wrap elementor-element-populated\">\n\t\t\t\t\t\t\t\t<div class=\"elementor-element elementor-element-192c87c elementor-widget elementor-widget-heading\" data-id=\"192c87c\" data-element_type=\"widget\" data-widget_type=\"heading.default\">\n\t\t\t\t<div class=\"elementor-widget-container\">\n\t\t\t<h1 class=\"elementor-heading-title elementor-size-default\">News:<\/h1>\t\t<\/div>\n\t\t\t\t<\/div>\n\t\t\t\t\t<\/div>\n\t\t<\/div>\n\t\t\t\t\t\t\t<\/div>\n\t\t<\/section>\n\t\t\t\t<section class=\"elementor-section elementor-top-section elementor-element elementor-element-df557b3 elementor-section-boxed elementor-section-height-default elementor-section-height-default\" data-id=\"df557b3\" data-element_type=\"section\">\n\t\t\t\t\t\t<div class=\"elementor-container elementor-column-gap-default\">\n\t\t\t\t\t<div class=\"elementor-column elementor-col-100 elementor-top-column elementor-element elementor-element-76fce6f\" data-id=\"76fce6f\" data-element_type=\"column\">\n\t\t\t<div class=\"elementor-widget-wrap elementor-element-populated\">\n\t\t\t\t\t\t\t\t<div class=\"elementor-element elementor-element-c7b2c67 elementor-widget elementor-widget-ucaddon_post_list\" data-id=\"c7b2c67\" data-element_type=\"widget\" data-widget_type=\"ucaddon_post_list.default\">\n\t\t\t\t<div class=\"elementor-widget-container\">\n\t\t\t<!-- start Post List -->\n\t\t<link id='font-awesome-css' href='https:\/\/lkua.lt\/wp-content\/plugins\/unlimited-elements-for-elementor\/assets_libraries\/font-awesome5\/css\/fontawesome-all.min.css' type='text\/css' rel='stylesheet' >\n\t\t<link id='font-awesome-4-shim-css' href='https:\/\/lkua.lt\/wp-content\/plugins\/unlimited-elements-for-elementor\/assets_libraries\/font-awesome5\/css\/fontawesome-v4-shims.css' type='text\/css' rel='stylesheet' >\n\n\t\t\t<style type=\"text\/css\">\/* widget: Post List *\/\n\n\n\n#uc_post_list_elementor_c7b2c67\n{\n  display:grid;\n}\n\n\n#uc_post_list_elementor_c7b2c67 .uc_post_list_image div\n{\n  background-size:cover;\n  background-position:center;\n}\n\n\n.uc_post_list .uc_post_list_box{\n\tposition: relative;\n\toverflow: hidden;\n\tdisplay: flex;\n}\n\n#uc_post_list_elementor_c7b2c67 .uc_post_list_image\n{\n  flex-grow:0;\n  flex-shrink:0;\n}\n\n#uc_post_list_elementor_c7b2c67 .uc_post_list_image img\n{\n  width:100%;\n  display:block;\n  transition:0.3s;\n  \n}\n\n\n.uc_post_list_title a{\n\tcolor: #333333;\n}\n.uc_post_list_date{\n\tfont-size: 12px;\n}\n\n#uc_post_list_elementor_c7b2c67 .uc_post_list_content\n{\n  display:flex;\n  flex-direction:column;\n  flex:1;\n}\n\n#uc_post_list_elementor_c7b2c67 .uc_more_btn{\n\n  text-align:center;\n  text-decoration:none;\n  transition:0.3s;\n}\n\n#uc_post_list_elementor_c7b2c67 .button-on-side\n{\n  display:flex;\n  align-items:center;\n}\n\n\n.ue-grid-item-category a\n{\n  display:inline-block;\n  font-size:10px;\n  text-transform:uppercase;\n}\n\n#uc_post_list_elementor_c7b2c67 .ue-meta-data\n{\n  \n  display:flex;\n\n  flex-wrap: wrap;\n  line-height:1em;\n}\n\n#uc_post_list_elementor_c7b2c67 .ue-grid-item-meta-data\n{\n      display:inline-flex;\n      align-items:center;\n}\n\n.ue-grid-item-meta-data\n{\n  font-size:12px;\n}\n\n#uc_post_list_elementor_c7b2c67 .ue-grid-item-meta-data-icon\n{\n  line-height:1em;\n}\n\n#uc_post_list_elementor_c7b2c67 .ue-grid-item-meta-data-icon svg\n{\n  width:1em;\n  height:1em;\n}\n\n\n\n#uc_post_list_elementor_c7b2c67 .ue-debug-meta\n{\n  padding:10px;\n  border:1px solid red;\n  position:relative;\n  line-height:1.5em;\n  font-size:11px;\n  width:100%;\n}\n\n.uc-remote-parent .uc_post_list_box{\n\tcursor:pointer;\n}\n\n#uc_post_list_elementor_c7b2c67 .ue-post-link-overlay\n{\n  display:block;\n  position:absolute;\n  top:0;\n  bottom:0;\n  right:0;\n  left:0;\n}\n\n<\/style>\n\n\t\t\t<div class=\"uc_post_list uc-items-wrapper uc-filterable-grid\" id=\"uc_post_list_elementor_c7b2c67\"  data-ajax='true'  data-filterbehave='ajax'  querydata='{&quot;count_posts&quot;:4,&quot;total_posts&quot;:8,&quot;page&quot;:1,&quot;num_pages&quot;:2}' >    \t\n  <div class=\"uc_post_list_box\">\n    \n  \t    <div class=\"uc_post_list_image\">\n      <a href=\"https:\/\/lkua.lt\/en\/po-dalyvavimo-106-ojoje-ceec-asamblejoje\/\" title=\"Po dalyvavimo 106-ojoje CEEC asambl\u0117joje\" target=\"_self\">\n          \n            <img loading=\"lazy\" decoding=\"async\" src=\"https:\/\/lkua.lt\/wp-content\/uploads\/2026\/05\/20260417_093744-1-768x576.jpg\"  alt=\"20260417_093744 (1)\" width=\"768\" height=\"576\">\n        \t\n        \n      <\/a>\n    <\/div>\n  \t\t\n  \n    <div class=\"uc_post_list_content\">\n      <div class=\"uc_post_list_content_inside\">\n        \n                        \n         <div class=\"uc_post_list_title\"><a target=\"_self\" href=\"https:\/\/lkua.lt\/en\/po-dalyvavimo-106-ojoje-ceec-asamblejoje\/\" title=\"Po dalyvavimo 106-ojoje CEEC asambl\u0117joje\">Po dalyvavimo 106-ojoje CEEC asambl\u0117joje<\/a><\/div>\t\n         \n        <div class=\"ue-meta-data\">\n            <div class=\"ue-grid-item-meta-data\"><span class=\"ue-grid-item-meta-data-icon\"><i class=''><\/i><\/span>  2026-05-07<\/div>                                   \n            \n          \n                        \n            \n                        \n                        \n            \n              \n          <\/div>         \n                \n         <div class=\"uc_post_content\">D\u0117koju Lietuvos kataliki\u0161kojo ugdymo asociacijos (toliau \u2013 Asociacija) tarybos nariams ir pirmininkei u\u017e sudaryt\u0105 galimyb\u0119 dalyvauti&nbsp;&nbsp;European Committee for Catholic Education (CEEC)&nbsp;106-ojoje...<\/div>        \n                 \n      <\/div>\n    <\/div>\n     \n       \n  \n   <\/div>\n<div class=\"uc_post_list_box\">\n    \n  \t    <div class=\"uc_post_list_image\">\n      <a href=\"https:\/\/lkua.lt\/en\/aplankyti-asociacijos-nariai\/\" title=\"Aplankyti asociacijos nariai\" target=\"_self\">\n          \n            <img loading=\"lazy\" decoding=\"async\" src=\"https:\/\/lkua.lt\/wp-content\/uploads\/2026\/05\/284093e0-2dde-4f98-9303-298e2e934e8b-768x1199.jpg\"  alt=\"284093e0-2dde-4f98-9303-298e2e934e8b\" width=\"768\" height=\"1199\">\n        \t\n        \n      <\/a>\n    <\/div>\n  \t\t\n  \n    <div class=\"uc_post_list_content\">\n      <div class=\"uc_post_list_content_inside\">\n        \n                        \n         <div class=\"uc_post_list_title\"><a target=\"_self\" href=\"https:\/\/lkua.lt\/en\/aplankyti-asociacijos-nariai\/\" title=\"Aplankyti asociacijos nariai\">Aplankyti asociacijos nariai<\/a><\/div>\t\n         \n        <div class=\"ue-meta-data\">\n            <div class=\"ue-grid-item-meta-data\"><span class=\"ue-grid-item-meta-data-icon\"><i class=''><\/i><\/span>  2026-05-03<\/div>                                   \n            \n          \n                        \n            \n                        \n                        \n            \n              \n          <\/div>         \n                \n         <div class=\"uc_post_content\">Baland\u017eio 22-27 dienomis Lietuvos kataliki\u0161kojo ugdymo asociacijos pirminink\u0117, Tarybos nariai bei vyskupas Algirdas Jurevi\u010dius lank\u0117si Panev\u0117\u017eio, Klaip\u0117dos, Kretingos, Tel\u0161i\u0173 ir \u0160iauli\u0173 kataliki\u0161kose ugdymo...<\/div>        \n                 \n      <\/div>\n    <\/div>\n     \n       \n  \n   <\/div>\n<div class=\"uc_post_list_box\">\n    \n  \t    <div class=\"uc_post_list_image\">\n      <a href=\"https:\/\/lkua.lt\/en\/kovo-11-osios-begimas-begame-lietuvai\/\" title=\"Kovo 11-osios b\u0117gimas &quot;B\u0117game Lietuvai&quot;\" target=\"_self\">\n          \n            <img loading=\"lazy\" decoding=\"async\" src=\"https:\/\/lkua.lt\/wp-content\/uploads\/2026\/03\/1000026177-1-768x999.jpg\"  alt=\"1000026177 (1)\" width=\"768\" height=\"999\">\n        \t\n        \n      <\/a>\n    <\/div>\n  \t\t\n  \n    <div class=\"uc_post_list_content\">\n      <div class=\"uc_post_list_content_inside\">\n        \n                        \n         <div class=\"uc_post_list_title\"><a target=\"_self\" href=\"https:\/\/lkua.lt\/en\/kovo-11-osios-begimas-begame-lietuvai\/\" title=\"Kovo 11-osios b\u0117gimas &quot;B\u0117game Lietuvai&quot;\">Kovo 11-osios b\u0117gimas \"B\u0117game Lietuvai\"<\/a><\/div>\t\n         \n        <div class=\"ue-meta-data\">\n            <div class=\"ue-grid-item-meta-data\"><span class=\"ue-grid-item-meta-data-icon\"><i class=''><\/i><\/span>  2026-03-20<\/div>                                   \n            \n          \n                        \n            \n                        \n                        \n            \n              \n          <\/div>         \n                \n         <div class=\"uc_post_content\">Kovo 10 d., minint Lietuvos Nepriklausomyb\u0117s atk\u016brimo dien\u0105, vyko vaik\u0173 iniciatyva \u201eB\u0117game Lietuvai\u201c \u00a0Iniciatyvoje dalyvavo Panev\u0117\u017eio lop\u0161elis-dar\u017eelis \u201eGintar\u0117lis\u201d, Panev\u0117\u017eio Kasty\u010dio Ramanausko lop\u0161elis-dar\u017eelis,...<\/div>        \n                 \n      <\/div>\n    <\/div>\n     \n       \n  \n   <\/div>\n<div class=\"uc_post_list_box\">\n    \n  \t    <div class=\"uc_post_list_image\">\n      <a href=\"https:\/\/lkua.lt\/en\/visuotinis-nariu-susirinkimas-jusu-kalba-visuomet-tebuna-maloni-ir-druska-pasudyta-kol-46\/\" title=\"Visuotinis nari\u0173 susirinkimas \u201eJ\u016bs\u0173 kalba visuomet teb\u016bna maloni ir druska pas\u016bdyta (...).\u201c Kol 4,6\" target=\"_self\">\n          \n            <img loading=\"lazy\" decoding=\"async\" src=\"https:\/\/lkua.lt\/wp-content\/uploads\/2026\/02\/1-2-768x576.jpg\"  alt=\"1\" width=\"768\" height=\"576\">\n        \t\n        \n      <\/a>\n    <\/div>\n  \t\t\n  \n    <div class=\"uc_post_list_content\">\n      <div class=\"uc_post_list_content_inside\">\n        \n                        \n         <div class=\"uc_post_list_title\"><a target=\"_self\" href=\"https:\/\/lkua.lt\/en\/visuotinis-nariu-susirinkimas-jusu-kalba-visuomet-tebuna-maloni-ir-druska-pasudyta-kol-46\/\" title=\"Visuotinis nari\u0173 susirinkimas \u201eJ\u016bs\u0173 kalba visuomet teb\u016bna maloni ir druska pas\u016bdyta (...).\u201c Kol 4,6\">Visuotinis nari\u0173 susirinkimas \u201eJ\u016bs\u0173 kalba visuomet teb\u016bna maloni ir druska pas\u016bdyta (...).\u201c Kol 4,6<\/a><\/div>\t\n         \n        <div class=\"ue-meta-data\">\n            <div class=\"ue-grid-item-meta-data\"><span class=\"ue-grid-item-meta-data-icon\"><i class=''><\/i><\/span>  2026-02-20<\/div>                                   \n            \n          \n                        \n            \n                        \n                        \n            \n              \n          <\/div>         \n                \n         <div class=\"uc_post_content\">2026 m. vasario 17-18 dienomis Palangoje \u012fvyko&nbsp;Lietuvos kataliki\u0161kojo ugdymo asociacijos&nbsp;(toliau LKUA) visuotinis nari\u0173 susirinkimas. Asociacijai priklauso kataliki\u0161kos bei kataliki\u0161k\u0105 ugdymo...<\/div>        \n                 \n      <\/div>\n    <\/div>\n     \n       \n  \n   <\/div>\n\n<\/div>\n\n\n  <div id=\"uc_post_list_elementor_c7b2c67_empty_message\" class=\"ue-no-posts-found\"  style=\"display:none\" >No posts found<\/div>\n\n\n\t\t\t<!-- end Post List -->\t\t<\/div>\n\t\t\t\t<\/div>\n\t\t\t\t\t<\/div>\n\t\t<\/div>\n\t\t\t\t\t\t\t<\/div>\n\t\t<\/section>\n\t\t\t\t<section class=\"elementor-section elementor-top-section elementor-element elementor-element-a159ead elementor-section-boxed elementor-section-height-default elementor-section-height-default\" data-id=\"a159ead\" data-element_type=\"section\">\n\t\t\t\t\t\t<div class=\"elementor-container elementor-column-gap-default\">\n\t\t\t\t\t<div class=\"elementor-column elementor-col-100 elementor-top-column elementor-element elementor-element-0f455bd\" data-id=\"0f455bd\" data-element_type=\"column\">\n\t\t\t<div class=\"elementor-widget-wrap elementor-element-populated\">\n\t\t\t\t\t\t\t\t<div class=\"elementor-element elementor-element-113f1a6 elementor-widget elementor-widget-ucaddon_archive_pagination\" data-id=\"113f1a6\" data-element_type=\"widget\" data-widget_type=\"ucaddon_archive_pagination.default\">\n\t\t\t\t<div class=\"elementor-widget-container\">\n\t\t\t<!-- start Post Pagination -->\n\n\t\t\t<style type=\"text\/css\">\/* widget: Post Pagination *\/\n\n#uc_archive_pagination_elementor_113f1a6 nav\n{\n  padding:0px;\n  margin:0px;\n}\n\n#uc_archive_pagination_elementor_113f1a6 \n{\n  display:flex;\n  flex-wrap: wrap;\n  justify-content:center;\n}\n\n#uc_archive_pagination_elementor_113f1a6 .nav-links\n{\n  display:flex;\n  justify-content:center;\n}\n\n#uc_archive_pagination_elementor_113f1a6 .nav-links > *\n{\n}\n\n#uc_archive_pagination_elementor_113f1a6 .page-numbers\n{\n  display:flex;\n  \n  align-items:center;\n  justify-content:center;\n  transition:0.3s;\n  line-height:1em;\n}\n\n\n#uc_archive_pagination_elementor_113f1a6 a.page-numbers, #uc_archive_pagination_elementor_113f1a6 .dots\n{\n  color:#000000;\n  background-color:;\n}\n\n#uc_archive_pagination_elementor_113f1a6 a.page-numbers:hover\n{\n  color:#6e6e6e;\n  background-color:#eeeeee;\n}\n\n#uc_archive_pagination_elementor_113f1a6 .page-numbers.current,\n#uc_archive_pagination_elementor_113f1a6 .page-numbers.current:hover\n{\n  background-color:#000000;\n  color:#ffffff;\n}\n\n\n#uc_archive_pagination_elementor_113f1a6 .page-numbers.prev, #uc_archive_pagination_elementor_113f1a6 .page-numbers.next\n{\n  padding-left:15px;\n  padding-right:15px;\n}\n\n\n\n#uc_archive_pagination_elementor_113f1a6 .prev:before {\n   font-family: \"Font Awesome 5 Free\";\n   content: \"\\f053\";\n   display: inline-block;\n   vertical-align: middle;\n   font-weight: 900;\n   }\n\n#uc_archive_pagination_elementor_113f1a6 .next:after {\n   font-family: \"Font Awesome 5 Free\";\n   content: \"\\f054\";\n   display: inline-block;\n   vertical-align: middle;\n   font-weight: 900;\n   }\n\n#uc_archive_pagination_elementor_113f1a6.uc-ajax-loading{\n\topacity:1 !important;\n}\n\n#uc_archive_pagination_elementor_113f1a6.uc-ajax-loading .current{\n\tposition:relative;\n    overflow:hidden;\n}\n\n\n#uc_archive_pagination_elementor_113f1a6.uc-ajax-loading .current:before{\n  content: \"\";\n  display:block;\n  width:100%;\n  height:100%;\n  box-sizing:border-box;\n  position:absolute;\n  top:0px;\n  left:0px;\n  background-color: #c2c2c2;\n  animation: uc-spinning-border 0.5s linear infinite;\n  opacity:50%;\n  border-radius:inherit;\n}\n\n@keyframes uc-spinning-border {\n\t0%{transform: scale(0);}\n\t100%{transform: scale(1); }\t\n}\n\n\n\n<\/style>\n\n\t\t\t<div id=\"uc_archive_pagination_elementor_113f1a6\" class=\"archive_pagination uc-filter-pagination\">\n<span aria-current=\"page\" class=\"page-numbers current\">1<\/span>\n<a class=\"page-numbers\" href=\"https:\/\/lkua.lt\/en\/2\/\">2<\/a>\n<a class=\"next page-numbers\" href=\"https:\/\/lkua.lt\/en\/2\/\"><\/a>\n<\/div>\n\t\t\t<!-- end Post Pagination -->\t\t<\/div>\n\t\t\t\t<\/div>\n\t\t\t\t\t<\/div>\n\t\t<\/div>\n\t\t\t\t\t\t\t<\/div>\n\t\t<\/section>\n\t\t\t\t<section class=\"elementor-section elementor-top-section elementor-element elementor-element-96901df elementor-section-boxed elementor-section-height-default elementor-section-height-default\" data-id=\"96901df\" data-element_type=\"section\" data-settings=\"{&quot;background_background&quot;:&quot;classic&quot;}\">\n\t\t\t\t\t\t<div class=\"elementor-container elementor-column-gap-no\">\n\t\t\t\t\t<div class=\"elementor-column elementor-col-100 elementor-top-column elementor-element elementor-element-c4e9cb0\" data-id=\"c4e9cb0\" data-element_type=\"column\">\n\t\t\t<div class=\"elementor-widget-wrap\">\n\t\t\t\t\t\t\t\t\t<\/div>\n\t\t<\/div>\n\t\t\t\t\t\t\t<\/div>\n\t\t<\/section>\n\t\t\t\t\t\t\t<\/div>","protected":false},"excerpt":{"rendered":"<p>Lietuvos kataliki\u0161kojo ugdymo asociacija Lietuvos kataliki\u0161kojo ugdymo asociacija jungia Lietuvos Respublikos teritorijoje veikian\u010dias kataliki\u0161k\u0105sias ir kataliki\u0161kosios krypties ugdymo \u012fstaigas, bendruomenes ir institucijas.\u00a0 +370 (672) 30272 kasociacija@gmail.com Naujienos: LKUA nari\u0173 susib\u016brimas \u201eB\u016bti reikaluose\u201c 2025-11-15 2025 m. gegu\u017e\u0117s 16 d., gra\u017e\u0173 ir saul\u0117t\u0105 penktadienio ryt\u0105, \u012f Jono Pauliaus II piligrim\u0173 namus \u0160iluvoje rinkosi Lietuvos kataliki\u0161ko ugdymo asociacijai &hellip;<\/p>\n<p class=\"read-more\"> <a class=\"\" href=\"https:\/\/lkua.lt\/en\/\"> <span class=\"screen-reader-text\">News<\/span> Read More &raquo;<\/a><\/p>","protected":false},"author":1,"featured_media":0,"parent":0,"menu_order":0,"comment_status":"closed","ping_status":"closed","template":"","meta":{"_uag_custom_page_level_css":"","site-sidebar-layout":"no-sidebar","site-content-layout":"page-builder","ast-global-header-display":"","ast-main-header-display":"","ast-hfb-above-header-display":"","ast-hfb-below-header-display":"","ast-hfb-mobile-header-display":"","site-post-title":"disabled","ast-breadcrumbs-content":"","ast-featured-img":"disabled","footer-sml-layout":"","theme-transparent-header-meta":"enabled","adv-header-id-meta":"","stick-header-meta":"","header-above-stick-meta":"","header-main-stick-meta":"","header-below-stick-meta":"","footnotes":""},"class_list":["post-1412","page","type-page","status-publish","hentry"],"uagb_featured_image_src":{"full":false,"thumbnail":false,"medium":false,"medium_large":false,"large":false,"1536x1536":false,"2048x2048":false,"trp-custom-language-flag":false},"uagb_author_info":{"display_name":"kasociacija@gmail.com","author_link":"https:\/\/lkua.lt\/en\/author\/kasociacijagmail-com\/"},"uagb_comment_info":0,"uagb_excerpt":"Lietuvos kataliki\u0161kojo ugdymo asociacija Lietuvos kataliki\u0161kojo ugdymo asociacija jungia Lietuvos Respublikos teritorijoje veikian\u010dias kataliki\u0161k\u0105sias ir kataliki\u0161kosios krypties ugdymo \u012fstaigas, bendruomenes ir institucijas.\u00a0 +370 (672) 30272 kasociacija@gmail.com Naujienos: LKUA nari\u0173 susib\u016brimas \u201eB\u016bti reikaluose\u201c 2025-11-15 2025 m. gegu\u017e\u0117s 16 d., gra\u017e\u0173 ir saul\u0117t\u0105 penktadienio ryt\u0105, \u012f Jono Pauliaus II piligrim\u0173 namus \u0160iluvoje rinkosi Lietuvos kataliki\u0161ko ugdymo asociacijai&hellip;","_links":{"self":[{"href":"https:\/\/lkua.lt\/en\/wp-json\/wp\/v2\/pages\/1412","targetHints":{"allow":["GET"]}}],"collection":[{"href":"https:\/\/lkua.lt\/en\/wp-json\/wp\/v2\/pages"}],"about":[{"href":"https:\/\/lkua.lt\/en\/wp-json\/wp\/v2\/types\/page"}],"author":[{"embeddable":true,"href":"https:\/\/lkua.lt\/en\/wp-json\/wp\/v2\/users\/1"}],"replies":[{"embeddable":true,"href":"https:\/\/lkua.lt\/en\/wp-json\/wp\/v2\/comments?post=1412"}],"version-history":[{"count":214,"href":"https:\/\/lkua.lt\/en\/wp-json\/wp\/v2\/pages\/1412\/revisions"}],"predecessor-version":[{"id":2678,"href":"https:\/\/lkua.lt\/en\/wp-json\/wp\/v2\/pages\/1412\/revisions\/2678"}],"wp:attachment":[{"href":"https:\/\/lkua.lt\/en\/wp-json\/wp\/v2\/media?parent=1412"}],"curies":[{"name":"wp","href":"https:\/\/api.w.org\/{rel}","templated":true}]}}